{"id":100,"date":"2021-06-20T15:14:11","date_gmt":"2021-06-20T13:14:11","guid":{"rendered":"https:\/\/katharina-heinroth-grundschule.de\/?page_id=100"},"modified":"2025-05-14T19:16:02","modified_gmt":"2025-05-14T17:16:02","slug":"impressum","status":"publish","type":"page","link":"https:\/\/katharina-heinroth-grundschule.de\/pl\/impressum\/","title":{"rendered":"Nadruk"},"content":{"rendered":"<div data-elementor-type=\"wp-page\" data-elementor-id=\"100\" class=\"elementor elementor-100\" data-elementor-post-type=\"page\">\n\t\t\t\t\t\t<section class=\"elementor-section elementor-top-section elementor-element elementor-element-1a59cc0 elementor-section-boxed elementor-section-height-default elementor-section-height-default\" data-id=\"1a59cc0\" data-element_type=\"section\" data-e-type=\"section\">\n\t\t\t\t\t\t<div class=\"elementor-container elementor-column-gap-default\">\n\t\t\t\t\t<div class=\"elementor-column elementor-col-100 elementor-top-column elementor-element elementor-element-3fca1f9\" data-id=\"3fca1f9\" data-element_type=\"column\" data-e-type=\"column\">\n\t\t\t<div class=\"elementor-widget-wrap elementor-element-populated\">\n\t\t\t\t\t\t<div class=\"elementor-element elementor-element-336328b elementor-widget elementor-widget-heading\" data-id=\"336328b\" data-element_type=\"widget\" data-e-type=\"widget\" data-widget_type=\"heading.default\">\n\t\t\t\t<div class=\"elementor-widget-container\">\n\t\t\t\t\t<h2 class=\"elementor-heading-title elementor-size-default\">Nadruk<\/h2>\t\t\t\t<\/div>\n\t\t\t\t<\/div>\n\t\t\t\t<div class=\"elementor-element elementor-element-bcf7333 elementor-widget elementor-widget-text-editor\" data-id=\"bcf7333\" data-element_type=\"widget\" data-e-type=\"widget\" data-widget_type=\"text-editor.default\">\n\t\t\t\t<div class=\"elementor-widget-container\">\n\t\t\t\t\t\t\t\t\t<section class=\"nicdark_section\"><div class=\"nicdark_container nicdark_clearfix\"><div class=\"grid grid_8 percentage nicdark_page_sidebar\"><section id=\"\" class=\"nicdark_section vc_row wpb_row vc_row-fluid\"><div class=\"nicdark_container nicdark_vc nicdark_clearfix\"><div class=\"vc_col-sm-12 wpb_column vc_column_container\"><div class=\"wpb_wrapper\"><div class=\"wpb_text_column wpb_content_element\"><div class=\"wpb_wrapper\"><div class=\"inside\"><div id=\"impressum\" class=\"mod_article block\"><div class=\"ce_text block\"><strong>Szko\u0142a podstawowa Katharina Heinroth w Berlinie<\/strong><br \/>Staatliche Europa-Schule Berlin niemiecko-polski<\/div><div class=\"ce_text block\">\u00a0<\/div><div class=\"ce_text block\"><strong>Zarz\u0105dzanie szko\u0142\u0105:<\/strong>\u00a0<\/div><div class=\"ce_text block\">Ewa Kampes<br \/>M\u00fcnstersche Stra\u00dfe 15-17<br \/>D-10709 Berlin<\/div><\/div><\/div><div class=\"inside\"><div id=\"impressum\" class=\"mod_article block\"><div class=\"ce_text block\">\u00a0<\/div><div class=\"ce_text block\">Telefon: (030) 89 04 39 51-11<br \/>Fax: (030) 89 04 39 51-29<\/div><\/div><\/div><hr size=\"0\" \/><p><strong>Administrator strony i tre\u015bci:<\/strong><\/p><p>Michaela Piepenburg<\/p><hr size=\"0\" \/><p><strong>Projektowanie i produkcja stron internetowych:<br \/><\/strong>Constantin B\u00fcker<\/p><hr size=\"0\" \/><p><strong>Szko\u0142a i podmiot prawny: Kraj zwi\u0105zkowy Berlin<\/strong><\/p><p>Reprezentowany przez:<br \/>Urz\u0105d dzielnicy Charlottenburg-Wilmersdorf w Berlinie<br \/>Wydzia\u0142 Szk\u00f3\u0142, Sportu, Kszta\u0142cenia Ustawicznego i Kultury<br \/>Radna okr\u0119gowa Heike Schmitt-Schmelz<br \/>Otto-Suhr-Allee 100, 10585 Berlin<\/p><p>Tel: (030) 9029 - 14001<br \/>Fax: (030) 9029 - 14004<\/p><hr size=\"0\" \/><p><strong>Zastrze\u017cenie<\/strong><br \/>Pomimo starannej kontroli tre\u015bci, nie ponosimy odpowiedzialno\u015bci za tre\u015b\u0107 link\u00f3w zewn\u0119trznych. Operatorzy stron, do kt\u00f3rych prowadz\u0105 linki, ponosz\u0105 wy\u0142\u0105czn\u0105 odpowiedzialno\u015b\u0107 za ich tre\u015b\u0107.<\/p><p>Tre\u015b\u0107 i struktura tej strony internetowej s\u0105 chronione prawem autorskim. Powielanie informacji lub danych, w szczeg\u00f3lno\u015bci wykorzystywanie tekst\u00f3w, cz\u0119\u015bci tekst\u00f3w lub obraz\u00f3w wymaga uprzedniej pisemnej zgody dyrekcji szko\u0142y Katharina-Heinroth-Grundschule.<\/p><\/div><\/div><\/div><\/div><\/div><\/section><\/div><\/div><\/section>\t\t\t\t\t\t\t\t<\/div>\n\t\t\t\t<\/div>\n\t\t\t\t\t<\/div>\n\t\t<\/div>\n\t\t\t\t\t<\/div>\n\t\t<\/section>\n\t\t\t\t<\/div>","protected":false},"excerpt":{"rendered":"<p>Impressum Katharina-Heinroth-Grundschule BerlinStaatliche Europa-Schule Berlin Deutsch-Polnisch\u00a0Schulleitung:\u00a0Ewa KampesM\u00fcnstersche Stra\u00dfe 15-17D-10709 Berlin\u00a0Telefon: (030) 89 04 39 51-11Telefax: (030) 89 04 39 51-29 Website Administrator &amp; Content: Michaela Piepenburg Website Design und Produktion:Constantin B\u00fcker Schul- und Rechtstr\u00e4ger: Land Berlin Vertreten durch:Bezirksamt Charlottenburg-Wilmersdorf von BerlinAbteilung Schule, Sport, Weiterbildung und KulturBezirksstadtr\u00e4tin Heike Schmitt-SchmelzOtto-Suhr-Allee 100, 10585 Berlin Tel: (030) 9029 \u2013&hellip;&nbsp;<a href=\"https:\/\/katharina-heinroth-grundschule.de\/pl\/impressum\/\" rel=\"bookmark\">Dowiedz si\u0119 wi\u0119cej \u00bb<span class=\"screen-reader-text\">Nadruk<\/span><\/a><\/p>","protected":false},"author":1,"featured_media":0,"parent":0,"menu_order":0,"comment_status":"closed","ping_status":"closed","template":"elementor_header_footer","meta":{"neve_meta_sidebar":"full-width","neve_meta_container":"","neve_meta_enable_content_width":"on","neve_meta_content_width":100,"neve_meta_title_alignment":"","neve_meta_author_avatar":"","neve_post_elements_order":"","neve_meta_disable_header":"","neve_meta_disable_footer":"","neve_meta_disable_title":"","footnotes":""},"class_list":["post-100","page","type-page","status-publish","hentry"],"_links":{"self":[{"href":"https:\/\/katharina-heinroth-grundschule.de\/pl\/wp-json\/wp\/v2\/pages\/100","targetHints":{"allow":["GET"]}}],"collection":[{"href":"https:\/\/katharina-heinroth-grundschule.de\/pl\/wp-json\/wp\/v2\/pages"}],"about":[{"href":"https:\/\/katharina-heinroth-grundschule.de\/pl\/wp-json\/wp\/v2\/types\/page"}],"author":[{"embeddable":true,"href":"https:\/\/katharina-heinroth-grundschule.de\/pl\/wp-json\/wp\/v2\/users\/1"}],"replies":[{"embeddable":true,"href":"https:\/\/katharina-heinroth-grundschule.de\/pl\/wp-json\/wp\/v2\/comments?post=100"}],"version-history":[{"count":3,"href":"https:\/\/katharina-heinroth-grundschule.de\/pl\/wp-json\/wp\/v2\/pages\/100\/revisions"}],"predecessor-version":[{"id":8945,"href":"https:\/\/katharina-heinroth-grundschule.de\/pl\/wp-json\/wp\/v2\/pages\/100\/revisions\/8945"}],"wp:attachment":[{"href":"https:\/\/katharina-heinroth-grundschule.de\/pl\/wp-json\/wp\/v2\/media?parent=100"}],"curies":[{"name":"wp","href":"https:\/\/api.w.org\/{rel}","templated":true}]}}